{"id":16479,"date":"2022-12-09T12:22:18","date_gmt":"2022-12-09T11:22:18","guid":{"rendered":"https:\/\/bt4u.one\/thank-you-registration\/"},"modified":"2023-08-10T14:43:11","modified_gmt":"2023-08-10T13:43:11","slug":"thank-you-registration","status":"publish","type":"page","link":"https:\/\/bt4u.one\/pt-br\/thank-you-registration\/","title":{"rendered":"Thank you registration"},"content":{"rendered":"\t\t<div data-elementor-type=\"wp-page\" data-elementor-id=\"16479\" class=\"elementor elementor-16479 elementor-4224\" data-elementor-post-type=\"page\">\n\t\t\t\t\t\t<section class=\"elementor-section elementor-top-section elementor-element elementor-element-b9a6f69 elementor-section-boxed elementor-section-height-default elementor-section-height-default\" data-id=\"b9a6f69\" data-element_type=\"section\">\n\t\t\t\t\t\t<div class=\"elementor-container elementor-column-gap-default\">\n\t\t\t\t\t<div class=\"elementor-column elementor-col-100 elementor-top-column elementor-element elementor-element-b43064c\" data-id=\"b43064c\" data-element_type=\"column\">\n\t\t\t<div class=\"elementor-widget-wrap elementor-element-populated\">\n\t\t\t\t\t\t<div class=\"elementor-element elementor-element-c93dc69 elementor-widget elementor-widget-spacer\" data-id=\"c93dc69\" data-element_type=\"widget\" data-widget_type=\"spacer.default\">\n\t\t\t\t<div class=\"elementor-widget-container\">\n\t\t\t\t\t<div class=\"elementor-spacer\">\n\t\t\t<div class=\"elementor-spacer-inner\"><\/div>\n\t\t<\/div>\n\t\t\t\t<\/div>\n\t\t\t\t<\/div>\n\t\t\t\t<div class=\"elementor-element elementor-element-52e74c7 elementor-widget elementor-widget-spacer\" data-id=\"52e74c7\" data-element_type=\"widget\" data-widget_type=\"spacer.default\">\n\t\t\t\t<div class=\"elementor-widget-container\">\n\t\t\t\t\t<div class=\"elementor-spacer\">\n\t\t\t<div class=\"elementor-spacer-inner\"><\/div>\n\t\t<\/div>\n\t\t\t\t<\/div>\n\t\t\t\t<\/div>\n\t\t\t\t<div class=\"elementor-element elementor-element-311dddb elementor-widget elementor-widget-heading\" data-id=\"311dddb\" data-element_type=\"widget\" data-widget_type=\"heading.default\">\n\t\t\t\t<div class=\"elementor-widget-container\">\n\t\t\t<h3 class=\"elementor-heading-title elementor-size-default\">Obrigado!<\/h3>\t\t<\/div>\n\t\t\t\t<\/div>\n\t\t\t\t\t<\/div>\n\t\t<\/div>\n\t\t\t\t\t<\/div>\n\t\t<\/section>\n\t\t\t\t<section class=\"elementor-section elementor-top-section elementor-element elementor-element-14631a7 elementor-section-boxed elementor-section-height-default elementor-section-height-default\" data-id=\"14631a7\" data-element_type=\"section\">\n\t\t\t\t\t\t<div class=\"elementor-container elementor-column-gap-default\">\n\t\t\t\t\t<div class=\"elementor-column elementor-col-100 elementor-top-column elementor-element elementor-element-c73e449\" data-id=\"c73e449\" data-element_type=\"column\">\n\t\t\t<div class=\"elementor-widget-wrap elementor-element-populated\">\n\t\t\t\t\t\t<div class=\"elementor-element elementor-element-8d82baf elementor-widget elementor-widget-spacer\" data-id=\"8d82baf\" data-element_type=\"widget\" data-widget_type=\"spacer.default\">\n\t\t\t\t<div class=\"elementor-widget-container\">\n\t\t\t\t\t<div class=\"elementor-spacer\">\n\t\t\t<div class=\"elementor-spacer-inner\"><\/div>\n\t\t<\/div>\n\t\t\t\t<\/div>\n\t\t\t\t<\/div>\n\t\t\t\t\t<\/div>\n\t\t<\/div>\n\t\t\t\t\t<\/div>\n\t\t<\/section>\n\t\t\t\t<section class=\"elementor-section elementor-top-section elementor-element elementor-element-148e12f elementor-section-boxed elementor-section-height-default elementor-section-height-default\" data-id=\"148e12f\" data-element_type=\"section\" data-settings=\"{&quot;background_background&quot;:&quot;classic&quot;}\">\n\t\t\t\t\t\t<div class=\"elementor-container elementor-column-gap-default\">\n\t\t\t\t\t<div class=\"elementor-column elementor-col-100 elementor-top-column elementor-element elementor-element-d78ee55\" data-id=\"d78ee55\" data-element_type=\"column\">\n\t\t\t<div class=\"elementor-widget-wrap elementor-element-populated\">\n\t\t\t\t\t\t<section class=\"elementor-section elementor-inner-section elementor-element elementor-element-e4ba472 elementor-section-content-middle elementor-section-boxed elementor-section-height-default elementor-section-height-default\" data-id=\"e4ba472\" data-element_type=\"section\">\n\t\t\t\t\t\t<div class=\"elementor-container elementor-column-gap-default\">\n\t\t\t\t\t<div class=\"elementor-column elementor-col-100 elementor-inner-column elementor-element elementor-element-7fa2d9b\" data-id=\"7fa2d9b\" data-element_type=\"column\">\n\t\t\t<div class=\"elementor-widget-wrap elementor-element-populated\">\n\t\t\t\t\t\t<div class=\"elementor-element elementor-element-14479c4 elementor-widget elementor-widget-text-editor\" data-id=\"14479c4\" data-element_type=\"widget\" data-widget_type=\"text-editor.default\">\n\t\t\t\t<div class=\"elementor-widget-container\">\n\t\t\t\t\t\t\t<div>\n<p><strong>Seu registro foi um sucesso!<\/strong><\/p>\n<p><strong>Por favor, verifique seu endere\u00e7o de e-mail agora!<\/strong><\/div>\n<div><strong>L\u00e1 voc\u00ea encontrar\u00e1 o link para fazer login na Masterclass.<\/strong><\/div>\n<p>@font-face<br \/>\t{font-family:\"Cambria Math\";<br \/>\tpanose-1:2 4 5 3 5 4 6 3 2 4;<br \/>\tmso-font-charset:0;<br \/>\tmso-generic-font-family:roman;<br \/>\tmso-font-pitch:variable;<br \/>\tmso-font-signature:-536870145 1107305727 0 0 415 0;}@font-face<br \/>\t{font-family:Calibri;<br \/>\tpanose-1:2 15 5 2 2 2 4 3 2 4;<br \/>\tmso-font-charset:0;<br \/>\tmso-generic-font-family:swiss;<br \/>\tmso-font-pitch:variable;<br \/>\tmso-font-signature:-536859905 -1073732485 9 0 511 0;}p.MsoNormal, li.MsoNormal, div.MsoNormal<br \/>\t{mso-style-unhide:no;<br \/>\tmso-style-qformat:yes;<br \/>\tmso-style-parent:\"\";<br \/>\tmargin:0cm;<br \/>\tmso-pagination:widow-orphan;<br \/>\tfont-size:12.0pt;<br \/>\tfont-family:\"Calibri\",sans-serif;<br \/>\tmso-ascii-font-family:Calibri;<br \/>\tmso-ascii-theme-font:minor-latin;<br \/>\tmso-fareast-font-family:Calibri;<br \/>\tmso-fareast-theme-font:minor-latin;<br \/>\tmso-hansi-font-family:Calibri;<br \/>\tmso-hansi-theme-font:minor-latin;<br \/>\tmso-bidi-font-family:\"Times New Roman\";<br \/>\tmso-bidi-theme-font:minor-bidi;<br \/>\tmso-fareast-language:EN-US;}a:link, span.MsoHyperlink<br \/>\t{mso-style-priority:99;<br \/>\tcolor:#0563C1;<br \/>\tmso-themecolor:hyperlink;<br \/>\ttext-decoration:underline;<br \/>\ttext-underline:single;}a:visited, span.MsoHyperlinkFollowed<br \/>\t{mso-style-noshow:yes;<br \/>\tmso-style-priority:99;<br \/>\tcolor:#954F72;<br \/>\tmso-themecolor:followedhyperlink;<br \/>\ttext-decoration:underline;<br \/>\ttext-underline:single;}.MsoChpDefault<br \/>\t{mso-style-type:export-only;<br \/>\tmso-default-props:yes;<br \/>\tfont-family:\"Calibri\",sans-serif;<br \/>\tmso-ascii-font-family:Calibri;<br \/>\tmso-ascii-theme-font:minor-latin;<br \/>\tmso-fareast-font-family:Calibri;<br \/>\tmso-fareast-theme-font:minor-latin;<br \/>\tmso-hansi-font-family:Calibri;<br \/>\tmso-hansi-theme-font:minor-latin;<br \/>\tmso-bidi-font-family:\"Times New Roman\";<br \/>\tmso-bidi-theme-font:minor-bidi;<br \/>\tmso-fareast-language:EN-US;}div.WordSection1<br \/>\t{page:WordSection1;}<\/p>\n\t\t\t\t\t\t<\/div>\n\t\t\t\t<\/div>\n\t\t\t\t\t<\/div>\n\t\t<\/div>\n\t\t\t\t\t<\/div>\n\t\t<\/section>\n\t\t\t\t\t<\/div>\n\t\t<\/div>\n\t\t\t\t\t<\/div>\n\t\t<\/section>\n\t\t\t\t<\/div>\n\t\t","protected":false},"excerpt":{"rendered":"<p>Obrigado! Seu registro foi um sucesso! Por favor, verifique seu endere\u00e7o de e-mail agora! L\u00e1 voc\u00ea encontrar\u00e1 o link para fazer login na Masterclass.<\/p>\n","protected":false},"author":3,"featured_media":0,"parent":0,"menu_order":0,"comment_status":"closed","ping_status":"closed","template":"","meta":{"footnotes":""},"class_list":["post-16479","page","type-page","status-publish","hentry"],"yoast_head":"<!-- This site is optimized with the Yoast SEO plugin v24.1 - https:\/\/yoast.com\/wordpress\/plugins\/seo\/ -->\n<title>Thank you registration | Beach Tennis Platform<\/title>\n<meta name=\"description\" content=\"Obrigado! Seu registro foi um sucesso! Por favor, verifique seu endere\u00e7o de e-mail agora! L\u00e1 voc\u00ea encontrar\u00e1 o link para fazer login na Masterclass.\" \/>\n<meta name=\"robots\" content=\"index, follow, max-snippet:-1, max-image-preview:large, max-video-preview:-1\" \/>\n<link rel=\"canonical\" href=\"https:\/\/bt4u.one\/pt-br\/thank-you-registration\/\" \/>\n<meta property=\"og:locale\" content=\"pt_BR\" \/>\n<meta property=\"og:type\" content=\"article\" \/>\n<meta property=\"og:title\" content=\"Thank you registration | Beach Tennis Platform\" \/>\n<meta property=\"og:description\" content=\"Obrigado! Seu registro foi um sucesso! Por favor, verifique seu endere\u00e7o de e-mail agora! L\u00e1 voc\u00ea encontrar\u00e1 o link para fazer login na Masterclass.\" \/>\n<meta property=\"og:url\" content=\"https:\/\/bt4u.one\/pt-br\/thank-you-registration\/\" \/>\n<meta property=\"og:site_name\" content=\"BT4U\" \/>\n<meta property=\"article:publisher\" content=\"https:\/\/www.facebook.com\/profile.php?id=100090275241223\" \/>\n<meta property=\"article:modified_time\" content=\"2023-08-10T13:43:11+00:00\" \/>\n<meta property=\"og:image\" content=\"https:\/\/bt4u.one\/wp-content\/uploads\/2023\/02\/bt4u-logo-claim.png\" \/>\n\t<meta property=\"og:image:width\" content=\"4167\" \/>\n\t<meta property=\"og:image:height\" content=\"4167\" \/>\n\t<meta property=\"og:image:type\" content=\"image\/png\" \/>\n<meta name=\"twitter:card\" content=\"summary_large_image\" \/>\n<script type=\"application\/ld+json\" class=\"yoast-schema-graph\">{\"@context\":\"https:\/\/schema.org\",\"@graph\":[{\"@type\":\"WebPage\",\"@id\":\"https:\/\/bt4u.one\/pt-br\/thank-you-registration\/\",\"url\":\"https:\/\/bt4u.one\/pt-br\/thank-you-registration\/\",\"name\":\"Thank you registration | Beach Tennis Platform\",\"isPartOf\":{\"@id\":\"https:\/\/bt4u.one\/#website\"},\"datePublished\":\"2022-12-09T11:22:18+00:00\",\"dateModified\":\"2023-08-10T13:43:11+00:00\",\"description\":\"Obrigado! Seu registro foi um sucesso! Por favor, verifique seu endere\u00e7o de e-mail agora! L\u00e1 voc\u00ea encontrar\u00e1 o link para fazer login na Masterclass.\",\"breadcrumb\":{\"@id\":\"https:\/\/bt4u.one\/pt-br\/thank-you-registration\/#breadcrumb\"},\"inLanguage\":\"pt-BR\",\"potentialAction\":[{\"@type\":\"ReadAction\",\"target\":[\"https:\/\/bt4u.one\/pt-br\/thank-you-registration\/\"]}]},{\"@type\":\"BreadcrumbList\",\"@id\":\"https:\/\/bt4u.one\/pt-br\/thank-you-registration\/#breadcrumb\",\"itemListElement\":[{\"@type\":\"ListItem\",\"position\":1,\"name\":\"Startseite\",\"item\":\"https:\/\/bt4u.one\/pt-br\/\"},{\"@type\":\"ListItem\",\"position\":2,\"name\":\"Thank you registration\"}]},{\"@type\":\"WebSite\",\"@id\":\"https:\/\/bt4u.one\/#website\",\"url\":\"https:\/\/bt4u.one\/\",\"name\":\"BT4U\",\"description\":\"Beach Tennis Platform\",\"publisher\":{\"@id\":\"https:\/\/bt4u.one\/#organization\"},\"alternateName\":\"Beach Tennis 4U\",\"potentialAction\":[{\"@type\":\"SearchAction\",\"target\":{\"@type\":\"EntryPoint\",\"urlTemplate\":\"https:\/\/bt4u.one\/?s={search_term_string}\"},\"query-input\":{\"@type\":\"PropertyValueSpecification\",\"valueRequired\":true,\"valueName\":\"search_term_string\"}}],\"inLanguage\":\"pt-BR\"},{\"@type\":\"Organization\",\"@id\":\"https:\/\/bt4u.one\/#organization\",\"name\":\"Beach Tennis 4U\",\"alternateName\":\"BT4U\",\"url\":\"https:\/\/bt4u.one\/\",\"logo\":{\"@type\":\"ImageObject\",\"inLanguage\":\"pt-BR\",\"@id\":\"https:\/\/bt4u.one\/#\/schema\/logo\/image\/\",\"url\":\"https:\/\/bt4u.one\/wp-content\/uploads\/2022\/10\/bt4u-logo-symbol.png\",\"contentUrl\":\"https:\/\/bt4u.one\/wp-content\/uploads\/2022\/10\/bt4u-logo-symbol.png\",\"width\":4167,\"height\":4167,\"caption\":\"Beach Tennis 4U\"},\"image\":{\"@id\":\"https:\/\/bt4u.one\/#\/schema\/logo\/image\/\"},\"sameAs\":[\"https:\/\/www.facebook.com\/profile.php?id=100090275241223\",\"https:\/\/www.instagram.com\/bt4u.one\/\",\"https:\/\/www.youtube.com\/@beachtennis4u\"]}]}<\/script>\n<!-- \/ Yoast SEO plugin. -->","yoast_head_json":{"title":"Thank you registration | Beach Tennis Platform","description":"Obrigado! Seu registro foi um sucesso! Por favor, verifique seu endere\u00e7o de e-mail agora! L\u00e1 voc\u00ea encontrar\u00e1 o link para fazer login na Masterclass.","robots":{"index":"index","follow":"follow","max-snippet":"max-snippet:-1","max-image-preview":"max-image-preview:large","max-video-preview":"max-video-preview:-1"},"canonical":"https:\/\/bt4u.one\/pt-br\/thank-you-registration\/","og_locale":"pt_BR","og_type":"article","og_title":"Thank you registration | Beach Tennis Platform","og_description":"Obrigado! Seu registro foi um sucesso! Por favor, verifique seu endere\u00e7o de e-mail agora! L\u00e1 voc\u00ea encontrar\u00e1 o link para fazer login na Masterclass.","og_url":"https:\/\/bt4u.one\/pt-br\/thank-you-registration\/","og_site_name":"BT4U","article_publisher":"https:\/\/www.facebook.com\/profile.php?id=100090275241223","article_modified_time":"2023-08-10T13:43:11+00:00","og_image":[{"width":4167,"height":4167,"url":"https:\/\/bt4u.one\/wp-content\/uploads\/2023\/02\/bt4u-logo-claim.png","type":"image\/png"}],"twitter_card":"summary_large_image","schema":{"@context":"https:\/\/schema.org","@graph":[{"@type":"WebPage","@id":"https:\/\/bt4u.one\/pt-br\/thank-you-registration\/","url":"https:\/\/bt4u.one\/pt-br\/thank-you-registration\/","name":"Thank you registration | Beach Tennis Platform","isPartOf":{"@id":"https:\/\/bt4u.one\/#website"},"datePublished":"2022-12-09T11:22:18+00:00","dateModified":"2023-08-10T13:43:11+00:00","description":"Obrigado! Seu registro foi um sucesso! Por favor, verifique seu endere\u00e7o de e-mail agora! L\u00e1 voc\u00ea encontrar\u00e1 o link para fazer login na Masterclass.","breadcrumb":{"@id":"https:\/\/bt4u.one\/pt-br\/thank-you-registration\/#breadcrumb"},"inLanguage":"pt-BR","potentialAction":[{"@type":"ReadAction","target":["https:\/\/bt4u.one\/pt-br\/thank-you-registration\/"]}]},{"@type":"BreadcrumbList","@id":"https:\/\/bt4u.one\/pt-br\/thank-you-registration\/#breadcrumb","itemListElement":[{"@type":"ListItem","position":1,"name":"Startseite","item":"https:\/\/bt4u.one\/pt-br\/"},{"@type":"ListItem","position":2,"name":"Thank you registration"}]},{"@type":"WebSite","@id":"https:\/\/bt4u.one\/#website","url":"https:\/\/bt4u.one\/","name":"BT4U","description":"Beach Tennis Platform","publisher":{"@id":"https:\/\/bt4u.one\/#organization"},"alternateName":"Beach Tennis 4U","potentialAction":[{"@type":"SearchAction","target":{"@type":"EntryPoint","urlTemplate":"https:\/\/bt4u.one\/?s={search_term_string}"},"query-input":{"@type":"PropertyValueSpecification","valueRequired":true,"valueName":"search_term_string"}}],"inLanguage":"pt-BR"},{"@type":"Organization","@id":"https:\/\/bt4u.one\/#organization","name":"Beach Tennis 4U","alternateName":"BT4U","url":"https:\/\/bt4u.one\/","logo":{"@type":"ImageObject","inLanguage":"pt-BR","@id":"https:\/\/bt4u.one\/#\/schema\/logo\/image\/","url":"https:\/\/bt4u.one\/wp-content\/uploads\/2022\/10\/bt4u-logo-symbol.png","contentUrl":"https:\/\/bt4u.one\/wp-content\/uploads\/2022\/10\/bt4u-logo-symbol.png","width":4167,"height":4167,"caption":"Beach Tennis 4U"},"image":{"@id":"https:\/\/bt4u.one\/#\/schema\/logo\/image\/"},"sameAs":["https:\/\/www.facebook.com\/profile.php?id=100090275241223","https:\/\/www.instagram.com\/bt4u.one\/","https:\/\/www.youtube.com\/@beachtennis4u"]}]}},"jetpack_sharing_enabled":true,"_links":{"self":[{"href":"https:\/\/bt4u.one\/pt-br\/wp-json\/wp\/v2\/pages\/16479","targetHints":{"allow":["GET"]}}],"collection":[{"href":"https:\/\/bt4u.one\/pt-br\/wp-json\/wp\/v2\/pages"}],"about":[{"href":"https:\/\/bt4u.one\/pt-br\/wp-json\/wp\/v2\/types\/page"}],"author":[{"embeddable":true,"href":"https:\/\/bt4u.one\/pt-br\/wp-json\/wp\/v2\/users\/3"}],"replies":[{"embeddable":true,"href":"https:\/\/bt4u.one\/pt-br\/wp-json\/wp\/v2\/comments?post=16479"}],"version-history":[{"count":5,"href":"https:\/\/bt4u.one\/pt-br\/wp-json\/wp\/v2\/pages\/16479\/revisions"}],"predecessor-version":[{"id":16484,"href":"https:\/\/bt4u.one\/pt-br\/wp-json\/wp\/v2\/pages\/16479\/revisions\/16484"}],"wp:attachment":[{"href":"https:\/\/bt4u.one\/pt-br\/wp-json\/wp\/v2\/media?parent=16479"}],"curies":[{"name":"wp","href":"https:\/\/api.w.org\/{rel}","templated":true}]}}